{"id":151,"date":"2025-07-29T22:57:26","date_gmt":"2025-07-29T21:57:26","guid":{"rendered":"https:\/\/domotech-dz.net\/?post_type=product&#038;p=151"},"modified":"2025-07-30T18:57:19","modified_gmt":"2025-07-30T17:57:19","slug":"aaaa","status":"publish","type":"product","link":"https:\/\/domotech-dz.net\/index.php\/produit\/aaaa\/","title":{"rendered":"Extracteur hydraulique \u00e0 roulement Berry Lion &#8211; Extracteur de pignons \u00e0 3 griffes multifonction"},"content":{"rendered":"<p data-start=\"644\" data-end=\"1197\">L\u2019arrache hydraulique 3 bras BERRYLION BL171003 est un outil professionnel con\u00e7u pour retirer sans dommage les poulies, roulements, engrenages et autres pi\u00e8ces m\u00e9caniques. Gr\u00e2ce \u00e0 sa puissance de 15 tonnes, il offre une extraction rapide, pr\u00e9cise et s\u00e9curis\u00e9e, m\u00eame sur les pi\u00e8ces les plus tenaces. Sa structure robuste en acier trait\u00e9 garantit une longue dur\u00e9e de vie, et son syst\u00e8me hydraulique r\u00e9duit consid\u00e9rablement l&rsquo;effort physique. Id\u00e9al pour les ateliers m\u00e9caniques, l\u2019entretien industriel et les \u00e9lectriciens sp\u00e9cialis\u00e9s.<\/p>\n<p data-start=\"1199\" data-end=\"1370\">\u2705 Capacit\u00e9 : 15 Tonnes<br data-start=\"1221\" data-end=\"1224\" \/>\u2705 3 bras ajustables pour une prise stable<br data-start=\"1265\" data-end=\"1268\" \/>\u2705 Commande hydraulique manuelle<br data-start=\"1299\" data-end=\"1302\" \/>\u2705 Mod\u00e8le : BL171003<br data-start=\"1321\" data-end=\"1324\" \/>\u2705 Marque : BERRYLION \u2013 qualit\u00e9 professionnelle<\/p>\n<p data-start=\"1372\" data-end=\"1755\"><strong data-start=\"1372\" data-end=\"1388\">\ud83c\uddf8\ud83c\udde6 Arabe :<\/strong><br data-start=\"1388\" data-end=\"1391\" \/>\u0627\u0644\u0631\u0627\u0641\u0639\u0629 \u0627\u0644\u0647\u064a\u062f\u0631\u0648\u0644\u064a\u0643\u064a\u0629 \u062b\u0644\u0627\u062b\u064a\u0629 \u0627\u0644\u0623\u0630\u0631\u0639 BERRYLION BL171003 \u0647\u064a \u0623\u062f\u0627\u0629 \u0627\u062d\u062a\u0631\u0627\u0641\u064a\u0629 \u0645\u062e\u0635\u0635\u0629 \u0644\u0646\u0632\u0639 \u0627\u0644\u0628\u0643\u0631\u0627\u062a \u0648\u0627\u0644\u0645\u062d\u0627\u0645\u0644 \u0648\u0627\u0644\u062a\u0631\u0648\u0633 \u0648\u0627\u0644\u0645\u0643\u0648\u0646\u0627\u062a \u0627\u0644\u0645\u064a\u0643\u0627\u0646\u064a\u0643\u064a\u0629 \u062f\u0648\u0646 \u0627\u0644\u062a\u0633\u0628\u0628 \u0641\u064a \u062a\u0644\u0641. \u0628\u0642\u0648\u0629 \u062a\u0635\u0644 \u0625\u0644\u0649 15 \u0637\u0646\u060c \u062a\u062a\u064a\u062d \u0625\u0632\u0627\u0644\u0629 \u062f\u0642\u064a\u0642\u0629 \u0648\u0633\u0631\u064a\u0639\u0629 \u0648\u0622\u0645\u0646\u0629 \u062d\u062a\u0649 \u0644\u0623\u0635\u0639\u0628 \u0627\u0644\u0642\u0637\u0639. \u0647\u064a\u0643\u0644\u0647\u0627 \u0627\u0644\u0635\u0644\u0628 \u0627\u0644\u0645\u0639\u0627\u0644\u062c \u064a\u0636\u0645\u0646 \u0645\u062a\u0627\u0646\u0629 \u0637\u0648\u064a\u0644\u0629\u060c \u0648\u0627\u0644\u0646\u0638\u0627\u0645 \u0627\u0644\u0647\u064a\u062f\u0631\u0648\u0644\u064a\u0643\u064a \u064a\u0642\u0644\u0644 \u0645\u0646 \u0627\u0644\u062c\u0647\u062f \u0627\u0644\u0645\u0628\u0630\u0648\u0644. \u0645\u062b\u0627\u0644\u064a\u0629 \u0644\u0648\u0631\u0634\u0627\u062a \u0627\u0644\u0645\u064a\u0643\u0627\u0646\u064a\u0643\u060c \u0648\u0627\u0644\u0635\u064a\u0627\u0646\u0629 \u0627\u0644\u0635\u0646\u0627\u0639\u064a\u0629\u060c \u0648\u0627\u0644\u0643\u0647\u0631\u0628\u0627\u0626\u064a\u064a\u0646 \u0627\u0644\u0645\u062d\u062a\u0631\u0641\u064a\u0646.<\/p>\n<p data-start=\"1757\" data-end=\"1897\">\u2705 \u0627\u0644\u0633\u0639\u0629: 15 \u0637\u0646<br data-start=\"1771\" data-end=\"1774\" \/>\u2705 \u062b\u0644\u0627\u062b \u0623\u0630\u0631\u0639 \u0642\u0627\u0628\u0644\u0629 \u0644\u0644\u062a\u0639\u062f\u064a\u0644 \u0644\u0642\u0628\u0636\u0629 \u0645\u0633\u062a\u0642\u0631\u0629<br data-start=\"1812\" data-end=\"1815\" \/>\u2705 \u062a\u062d\u0643\u0645 \u0647\u064a\u062f\u0631\u0648\u0644\u064a\u0643\u064a \u064a\u062f\u0648\u064a<br data-start=\"1836\" data-end=\"1839\" \/>\u2705 \u0627\u0644\u0645\u0648\u062f\u064a\u0644: BL171003<br data-start=\"1858\" data-end=\"1861\" \/>\u2705 \u0627\u0644\u0639\u0644\u0627\u0645\u0629: BERRYLION \u2013 \u062c\u0648\u062f\u0629 \u0627\u062d\u062a\u0631\u0627\u0641\u064a\u0629<\/p>\n","protected":false},"excerpt":{"rendered":"<p data-start=\"307\" data-end=\"451\">Extracteur hydraulique 3 bras Berrylion 15T \u2013 id\u00e9al pour retirer facilement poulies, engrenages et roulements sans effort.<br \/>\n\u0623\u062f\u0627\u0629 \u0633\u062d\u0628 \u0647\u064a\u062f\u0631\u0648\u0644\u064a\u0643\u064a\u0629 \u062b\u0644\u0627\u062b\u064a\u0629 \u0627\u0644\u0623\u0630\u0631\u0639 \u0645\u0646 Berrylion \u0628\u0642\u0648\u0629 15 \u0637\u0646 \u2013 \u0645\u062b\u0627\u0644\u064a\u0629 \u0644\u0625\u0632\u0627\u0644\u0629 \u0627\u0644\u0628\u0643\u0631\u0627\u062a \u0648\u0627\u0644\u062a\u0631\u0648\u0633 \u0648\u0627\u0644\u0645\u062d\u0627\u0645\u0644 \u0628\u0633\u0647\u0648\u0644\u0629 \u0648\u0628\u062f\u0648\u0646 \u0645\u062c\u0647\u0648\u062f.<\/p>\n","protected":false},"featured_media":152,"comment_status":"open","ping_status":"closed","template":"","meta":{"_uag_custom_page_level_css":"","site-sidebar-layout":"default","site-content-layout":"","ast-site-content-layout":"default","site-content-style":"default","site-sidebar-style":"default","ast-global-header-display":"","ast-banner-title-visibility":"","ast-main-header-display":"","ast-hfb-above-header-display":"","ast-hfb-below-header-display":"","ast-hfb-mobile-header-display":"","site-post-title":"","ast-breadcrumbs-content":"","ast-featured-img":"","footer-sml-layout":"","theme-transparent-header-meta":"default","adv-header-id-meta":"","stick-header-meta":"","header-above-stick-meta":"","header-main-stick-meta":"","header-below-stick-meta":"","astra-migrate-meta-layouts":"set","ast-page-background-enabled":"default","ast-page-background-meta":{"desktop":{"background-color":"var(--ast-global-color-5)","background-image":"","background-repeat":"repeat","background-position":"center center","background-size":"auto","background-attachment":"scroll","background-type":"","background-media":"","overlay-type":"","overlay-color":"","overlay-opacity":"","overlay-gradient":""},"tablet":{"background-color":"","background-image":"","background-repeat":"repeat","background-position":"center center","background-size":"auto","background-attachment":"scroll","background-type":"","background-media":"","overlay-type":"","overlay-color":"","overlay-opacity":"","overlay-gradient":""},"mobile":{"background-color":"","background-image":"","background-repeat":"repeat","background-position":"center center","background-size":"auto","background-attachment":"scroll","background-type":"","background-media":"","overlay-type":"","overlay-color":"","overlay-opacity":"","overlay-gradient":""}},"ast-content-background-meta":{"desktop":{"background-color":"var(--ast-global-color-4)","background-image":"","background-repeat":"repeat","background-position":"center center","background-size":"auto","background-attachment":"scroll","background-type":"","background-media":"","overlay-type":"","overlay-color":"","overlay-opacity":"","overlay-gradient":""},"tablet":{"background-color":"var(--ast-global-color-4)","background-image":"","background-repeat":"repeat","background-position":"center center","background-size":"auto","background-attachment":"scroll","background-type":"","background-media":"","overlay-type":"","overlay-color":"","overlay-opacity":"","overlay-gradient":""},"mobile":{"background-color":"var(--ast-global-color-4)","background-image":"","background-repeat":"repeat","background-position":"center center","background-size":"auto","background-attachment":"scroll","background-type":"","background-media":"","overlay-type":"","overlay-color":"","overlay-opacity":"","overlay-gradient":""}}},"product_brand":[24],"product_cat":[23,22],"product_tag":[],"class_list":{"0":"post-151","1":"product","2":"type-product","3":"status-publish","4":"has-post-thumbnail","6":"product_brand-berrylion","7":"product_cat-mecaniques","8":"product_cat-outillages","9":"desktop-align-left","10":"tablet-align-left","11":"mobile-align-left","12":"ast-product-gallery-layout-horizontal-slider","13":"ast-product-tabs-layout-horizontal","15":"first","16":"instock","17":"sale","18":"taxable","19":"shipping-taxable","20":"purchasable","21":"product-type-simple"},"exclude_global_add_ons":[],"addons":[],"yoast_head":"<!-- This site is optimized with the Yoast SEO Premium plugin v25.8 (Yoast SEO v25.9) - https:\/\/yoast.com\/wordpress\/plugins\/seo\/ -->\n<title>Extracteur hydraulique \u00e0 roulement Berry Lion - Extracteur de pignons \u00e0 3 griffes multifonction - Domotech<\/title>\n<meta name=\"robots\" content=\"index, follow, max-snippet:-1, max-image-preview:large, max-video-preview:-1\" \/>\n<link rel=\"canonical\" href=\"https:\/\/domotech-dz.net\/index.php\/produit\/aaaa\/\" \/>\n<meta property=\"og:locale\" content=\"fr_FR\" \/>\n<meta property=\"og:type\" content=\"article\" \/>\n<meta property=\"og:title\" content=\"Extracteur hydraulique \u00e0 roulement Berry Lion - Extracteur de pignons \u00e0 3 griffes multifonction\" \/>\n<meta property=\"og:description\" content=\"Extracteur hydraulique 3 bras Berrylion 15T \u2013 id\u00e9al pour retirer facilement poulies, engrenages et roulements sans effort. \u0623\u062f\u0627\u0629 \u0633\u062d\u0628 \u0647\u064a\u062f\u0631\u0648\u0644\u064a\u0643\u064a\u0629 \u062b\u0644\u0627\u062b\u064a\u0629 \u0627\u0644\u0623\u0630\u0631\u0639 \u0645\u0646 Berrylion \u0628\u0642\u0648\u0629 15 \u0637\u0646 \u2013 \u0645\u062b\u0627\u0644\u064a\u0629 \u0644\u0625\u0632\u0627\u0644\u0629 \u0627\u0644\u0628\u0643\u0631\u0627\u062a \u0648\u0627\u0644\u062a\u0631\u0648\u0633 \u0648\u0627\u0644\u0645\u062d\u0627\u0645\u0644 \u0628\u0633\u0647\u0648\u0644\u0629 \u0648\u0628\u062f\u0648\u0646 \u0645\u062c\u0647\u0648\u062f.\" \/>\n<meta property=\"og:url\" content=\"https:\/\/domotech-dz.net\/index.php\/produit\/aaaa\/\" \/>\n<meta property=\"og:site_name\" content=\"Domotech\" \/>\n<meta property=\"article:publisher\" content=\"https:\/\/www.facebook.com\/domoshop.dz\" \/>\n<meta property=\"article:modified_time\" content=\"2025-07-30T17:57:19+00:00\" \/>\n<meta property=\"og:image\" content=\"https:\/\/domotech-dz.net\/wp-content\/uploads\/2025\/07\/Design-sans-titre2.png\" \/>\n\t<meta property=\"og:image:width\" content=\"1200\" \/>\n\t<meta property=\"og:image:height\" content=\"1200\" \/>\n\t<meta property=\"og:image:type\" content=\"image\/png\" \/>\n<meta name=\"twitter:card\" content=\"summary_large_image\" \/>\n<meta name=\"twitter:label1\" content=\"Dur\u00e9e de lecture estim\u00e9e\" \/>\n\t<meta name=\"twitter:data1\" content=\"2 minutes\" \/>\n<script type=\"application\/ld+json\" class=\"yoast-schema-graph\">{\"@context\":\"https:\/\/schema.org\",\"@graph\":[{\"@type\":\"WebPage\",\"@id\":\"https:\/\/domotech-dz.net\/index.php\/produit\/aaaa\/\",\"url\":\"https:\/\/domotech-dz.net\/index.php\/produit\/aaaa\/\",\"name\":\"Extracteur hydraulique \u00e0 roulement Berry Lion - Extracteur de pignons \u00e0 3 griffes multifonction - Domotech\",\"isPartOf\":{\"@id\":\"https:\/\/domotech-dz.net\/#website\"},\"primaryImageOfPage\":{\"@id\":\"https:\/\/domotech-dz.net\/index.php\/produit\/aaaa\/#primaryimage\"},\"image\":{\"@id\":\"https:\/\/domotech-dz.net\/index.php\/produit\/aaaa\/#primaryimage\"},\"thumbnailUrl\":\"https:\/\/domotech-dz.net\/wp-content\/uploads\/2025\/07\/Design-sans-titre2.png\",\"datePublished\":\"2025-07-29T21:57:26+00:00\",\"dateModified\":\"2025-07-30T17:57:19+00:00\",\"breadcrumb\":{\"@id\":\"https:\/\/domotech-dz.net\/index.php\/produit\/aaaa\/#breadcrumb\"},\"inLanguage\":\"fr-FR\",\"potentialAction\":[{\"@type\":\"ReadAction\",\"target\":[\"https:\/\/domotech-dz.net\/index.php\/produit\/aaaa\/\"]}]},{\"@type\":\"ImageObject\",\"inLanguage\":\"fr-FR\",\"@id\":\"https:\/\/domotech-dz.net\/index.php\/produit\/aaaa\/#primaryimage\",\"url\":\"https:\/\/domotech-dz.net\/wp-content\/uploads\/2025\/07\/Design-sans-titre2.png\",\"contentUrl\":\"https:\/\/domotech-dz.net\/wp-content\/uploads\/2025\/07\/Design-sans-titre2.png\",\"width\":1200,\"height\":1200},{\"@type\":\"BreadcrumbList\",\"@id\":\"https:\/\/domotech-dz.net\/index.php\/produit\/aaaa\/#breadcrumb\",\"itemListElement\":[{\"@type\":\"ListItem\",\"position\":1,\"name\":\"Accueil\",\"item\":\"https:\/\/domotech-dz.net\/\"},{\"@type\":\"ListItem\",\"position\":2,\"name\":\"Boutique\",\"item\":\"https:\/\/domotech-dz.net\/index.php\/boutique\/\"},{\"@type\":\"ListItem\",\"position\":3,\"name\":\"Extracteur hydraulique \u00e0 roulement Berry Lion &#8211; Extracteur de pignons \u00e0 3 griffes multifonction\"}]},{\"@type\":\"WebSite\",\"@id\":\"https:\/\/domotech-dz.net\/#website\",\"url\":\"https:\/\/domotech-dz.net\/\",\"name\":\"Domotech\",\"description\":\"Le choix id\u00e9al\",\"publisher\":{\"@id\":\"https:\/\/domotech-dz.net\/#organization\"},\"potentialAction\":[{\"@type\":\"SearchAction\",\"target\":{\"@type\":\"EntryPoint\",\"urlTemplate\":\"https:\/\/domotech-dz.net\/?s={search_term_string}\"},\"query-input\":{\"@type\":\"PropertyValueSpecification\",\"valueRequired\":true,\"valueName\":\"search_term_string\"}}],\"inLanguage\":\"fr-FR\"},{\"@type\":\"Organization\",\"@id\":\"https:\/\/domotech-dz.net\/#organization\",\"name\":\"Domotech\",\"url\":\"https:\/\/domotech-dz.net\/\",\"logo\":{\"@type\":\"ImageObject\",\"inLanguage\":\"fr-FR\",\"@id\":\"https:\/\/domotech-dz.net\/#\/schema\/logo\/image\/\",\"url\":\"https:\/\/domotech-dz.net\/wp-content\/uploads\/2025\/07\/logo-domotech-Securite-NV.png\",\"contentUrl\":\"https:\/\/domotech-dz.net\/wp-content\/uploads\/2025\/07\/logo-domotech-Securite-NV.png\",\"width\":1,\"height\":1,\"caption\":\"Domotech\"},\"image\":{\"@id\":\"https:\/\/domotech-dz.net\/#\/schema\/logo\/image\/\"},\"sameAs\":[\"https:\/\/www.facebook.com\/domoshop.dz\",\"https:\/\/www.instagram.com\/domo.shop.dz\/\",\"https:\/\/www.youtube.com\/@DOMOSHOP-DZ\",\"https:\/\/www.tiktok.com\/@domoshop.dz\"]}]}<\/script>\n<!-- \/ Yoast SEO Premium plugin. -->","yoast_head_json":{"title":"Extracteur hydraulique \u00e0 roulement Berry Lion - Extracteur de pignons \u00e0 3 griffes multifonction - Domotech","robots":{"index":"index","follow":"follow","max-snippet":"max-snippet:-1","max-image-preview":"max-image-preview:large","max-video-preview":"max-video-preview:-1"},"canonical":"https:\/\/domotech-dz.net\/index.php\/produit\/aaaa\/","og_locale":"fr_FR","og_type":"article","og_title":"Extracteur hydraulique \u00e0 roulement Berry Lion - Extracteur de pignons \u00e0 3 griffes multifonction","og_description":"Extracteur hydraulique 3 bras Berrylion 15T \u2013 id\u00e9al pour retirer facilement poulies, engrenages et roulements sans effort. \u0623\u062f\u0627\u0629 \u0633\u062d\u0628 \u0647\u064a\u062f\u0631\u0648\u0644\u064a\u0643\u064a\u0629 \u062b\u0644\u0627\u062b\u064a\u0629 \u0627\u0644\u0623\u0630\u0631\u0639 \u0645\u0646 Berrylion \u0628\u0642\u0648\u0629 15 \u0637\u0646 \u2013 \u0645\u062b\u0627\u0644\u064a\u0629 \u0644\u0625\u0632\u0627\u0644\u0629 \u0627\u0644\u0628\u0643\u0631\u0627\u062a \u0648\u0627\u0644\u062a\u0631\u0648\u0633 \u0648\u0627\u0644\u0645\u062d\u0627\u0645\u0644 \u0628\u0633\u0647\u0648\u0644\u0629 \u0648\u0628\u062f\u0648\u0646 \u0645\u062c\u0647\u0648\u062f.","og_url":"https:\/\/domotech-dz.net\/index.php\/produit\/aaaa\/","og_site_name":"Domotech","article_publisher":"https:\/\/www.facebook.com\/domoshop.dz","article_modified_time":"2025-07-30T17:57:19+00:00","og_image":[{"width":1200,"height":1200,"url":"https:\/\/domotech-dz.net\/wp-content\/uploads\/2025\/07\/Design-sans-titre2.png","type":"image\/png"}],"twitter_card":"summary_large_image","twitter_misc":{"Dur\u00e9e de lecture estim\u00e9e":"2 minutes"},"schema":{"@context":"https:\/\/schema.org","@graph":[{"@type":"WebPage","@id":"https:\/\/domotech-dz.net\/index.php\/produit\/aaaa\/","url":"https:\/\/domotech-dz.net\/index.php\/produit\/aaaa\/","name":"Extracteur hydraulique \u00e0 roulement Berry Lion - Extracteur de pignons \u00e0 3 griffes multifonction - Domotech","isPartOf":{"@id":"https:\/\/domotech-dz.net\/#website"},"primaryImageOfPage":{"@id":"https:\/\/domotech-dz.net\/index.php\/produit\/aaaa\/#primaryimage"},"image":{"@id":"https:\/\/domotech-dz.net\/index.php\/produit\/aaaa\/#primaryimage"},"thumbnailUrl":"https:\/\/domotech-dz.net\/wp-content\/uploads\/2025\/07\/Design-sans-titre2.png","datePublished":"2025-07-29T21:57:26+00:00","dateModified":"2025-07-30T17:57:19+00:00","breadcrumb":{"@id":"https:\/\/domotech-dz.net\/index.php\/produit\/aaaa\/#breadcrumb"},"inLanguage":"fr-FR","potentialAction":[{"@type":"ReadAction","target":["https:\/\/domotech-dz.net\/index.php\/produit\/aaaa\/"]}]},{"@type":"ImageObject","inLanguage":"fr-FR","@id":"https:\/\/domotech-dz.net\/index.php\/produit\/aaaa\/#primaryimage","url":"https:\/\/domotech-dz.net\/wp-content\/uploads\/2025\/07\/Design-sans-titre2.png","contentUrl":"https:\/\/domotech-dz.net\/wp-content\/uploads\/2025\/07\/Design-sans-titre2.png","width":1200,"height":1200},{"@type":"BreadcrumbList","@id":"https:\/\/domotech-dz.net\/index.php\/produit\/aaaa\/#breadcrumb","itemListElement":[{"@type":"ListItem","position":1,"name":"Accueil","item":"https:\/\/domotech-dz.net\/"},{"@type":"ListItem","position":2,"name":"Boutique","item":"https:\/\/domotech-dz.net\/index.php\/boutique\/"},{"@type":"ListItem","position":3,"name":"Extracteur hydraulique \u00e0 roulement Berry Lion &#8211; Extracteur de pignons \u00e0 3 griffes multifonction"}]},{"@type":"WebSite","@id":"https:\/\/domotech-dz.net\/#website","url":"https:\/\/domotech-dz.net\/","name":"Domotech","description":"Le choix id\u00e9al","publisher":{"@id":"https:\/\/domotech-dz.net\/#organization"},"potentialAction":[{"@type":"SearchAction","target":{"@type":"EntryPoint","urlTemplate":"https:\/\/domotech-dz.net\/?s={search_term_string}"},"query-input":{"@type":"PropertyValueSpecification","valueRequired":true,"valueName":"search_term_string"}}],"inLanguage":"fr-FR"},{"@type":"Organization","@id":"https:\/\/domotech-dz.net\/#organization","name":"Domotech","url":"https:\/\/domotech-dz.net\/","logo":{"@type":"ImageObject","inLanguage":"fr-FR","@id":"https:\/\/domotech-dz.net\/#\/schema\/logo\/image\/","url":"https:\/\/domotech-dz.net\/wp-content\/uploads\/2025\/07\/logo-domotech-Securite-NV.png","contentUrl":"https:\/\/domotech-dz.net\/wp-content\/uploads\/2025\/07\/logo-domotech-Securite-NV.png","width":1,"height":1,"caption":"Domotech"},"image":{"@id":"https:\/\/domotech-dz.net\/#\/schema\/logo\/image\/"},"sameAs":["https:\/\/www.facebook.com\/domoshop.dz","https:\/\/www.instagram.com\/domo.shop.dz\/","https:\/\/www.youtube.com\/@DOMOSHOP-DZ","https:\/\/www.tiktok.com\/@domoshop.dz"]}]}},"uagb_featured_image_src":{"full":["https:\/\/domotech-dz.net\/wp-content\/uploads\/2025\/07\/Design-sans-titre2.png",1200,1200,false],"thumbnail":["https:\/\/domotech-dz.net\/wp-content\/uploads\/2025\/07\/Design-sans-titre2-150x150.png",150,150,true],"medium":["https:\/\/domotech-dz.net\/wp-content\/uploads\/2025\/07\/Design-sans-titre2-300x300.png",300,300,true],"medium_large":["https:\/\/domotech-dz.net\/wp-content\/uploads\/2025\/07\/Design-sans-titre2-768x768.png",768,768,true],"large":["https:\/\/domotech-dz.net\/wp-content\/uploads\/2025\/07\/Design-sans-titre2-1024x1024.png",1024,1024,true],"1536x1536":["https:\/\/domotech-dz.net\/wp-content\/uploads\/2025\/07\/Design-sans-titre2.png",1200,1200,false],"2048x2048":["https:\/\/domotech-dz.net\/wp-content\/uploads\/2025\/07\/Design-sans-titre2.png",1200,1200,false],"htmega_size_585x295":["https:\/\/domotech-dz.net\/wp-content\/uploads\/2025\/07\/Design-sans-titre2.png",295,295,false],"htmega_size_1170x536":["https:\/\/domotech-dz.net\/wp-content\/uploads\/2025\/07\/Design-sans-titre2.png",536,536,false],"htmega_size_396x360":["https:\/\/domotech-dz.net\/wp-content\/uploads\/2025\/07\/Design-sans-titre2.png",360,360,false],"woocommerce_thumbnail":["https:\/\/domotech-dz.net\/wp-content\/uploads\/2025\/07\/Design-sans-titre2-300x300.png",300,300,true],"woocommerce_single":["https:\/\/domotech-dz.net\/wp-content\/uploads\/2025\/07\/Design-sans-titre2-600x600.png",600,600,true],"woocommerce_gallery_thumbnail":["https:\/\/domotech-dz.net\/wp-content\/uploads\/2025\/07\/Design-sans-titre2-100x100.png",100,100,true]},"uagb_author_info":{"display_name":"admin","author_link":"https:\/\/domotech-dz.net\/index.php\/author\/"},"uagb_comment_info":1,"uagb_excerpt":"Extracteur hydraulique 3 bras Berrylion 15T \u2013 id\u00e9al pour retirer facilement poulies, engrenages et roulements sans effort. \u0623\u062f\u0627\u0629 \u0633\u062d\u0628 \u0647\u064a\u062f\u0631\u0648\u0644\u064a\u0643\u064a\u0629 \u062b\u0644\u0627\u062b\u064a\u0629 \u0627\u0644\u0623\u0630\u0631\u0639 \u0645\u0646 Berrylion \u0628\u0642\u0648\u0629 15 \u0637\u0646 \u2013 \u0645\u062b\u0627\u0644\u064a\u0629 \u0644\u0625\u0632\u0627\u0644\u0629 \u0627\u0644\u0628\u0643\u0631\u0627\u062a \u0648\u0627\u0644\u062a\u0631\u0648\u0633 \u0648\u0627\u0644\u0645\u062d\u0627\u0645\u0644 \u0628\u0633\u0647\u0648\u0644\u0629 \u0648\u0628\u062f\u0648\u0646 \u0645\u062c\u0647\u0648\u062f.","_links":{"self":[{"href":"https:\/\/domotech-dz.net\/index.php\/wp-json\/wp\/v2\/product\/151","targetHints":{"allow":["GET"]}}],"collection":[{"href":"https:\/\/domotech-dz.net\/index.php\/wp-json\/wp\/v2\/product"}],"about":[{"href":"https:\/\/domotech-dz.net\/index.php\/wp-json\/wp\/v2\/types\/product"}],"replies":[{"embeddable":true,"href":"https:\/\/domotech-dz.net\/index.php\/wp-json\/wp\/v2\/comments?post=151"}],"wp:featuredmedia":[{"embeddable":true,"href":"https:\/\/domotech-dz.net\/index.php\/wp-json\/wp\/v2\/media\/152"}],"wp:attachment":[{"href":"https:\/\/domotech-dz.net\/index.php\/wp-json\/wp\/v2\/media?parent=151"}],"wp:term":[{"taxonomy":"product_brand","embeddable":true,"href":"https:\/\/domotech-dz.net\/index.php\/wp-json\/wp\/v2\/product_brand?post=151"},{"taxonomy":"product_cat","embeddable":true,"href":"https:\/\/domotech-dz.net\/index.php\/wp-json\/wp\/v2\/product_cat?post=151"},{"taxonomy":"product_tag","embeddable":true,"href":"https:\/\/domotech-dz.net\/index.php\/wp-json\/wp\/v2\/product_tag?post=151"}],"curies":[{"name":"wp","href":"https:\/\/api.w.org\/{rel}","templated":true}]}}